{"id":84,"date":"2017-05-05T14:07:59","date_gmt":"2017-05-05T14:07:59","guid":{"rendered":"https:\/\/vrlab.studio\/?page_id=84"},"modified":"2025-01-16T07:07:55","modified_gmt":"2025-01-16T07:07:55","slug":"home-1","status":"publish","type":"page","link":"https:\/\/vrlab.studio\/","title":{"rendered":"Home 1"},"content":{"rendered":"<div class=\"wpb-content-wrapper\"><p>[vc_row full_width=&#8221;stretch_row&#8221; grey_bg=&#8221;&#8221;][vc_column][rev_slider_vc alias=&#8221;slider-1&#8243;][\/vc_column][\/vc_row][vc_row full_width=&#8221;stretch_row&#8221; grey_bg=&#8221;1&#8243;][vc_column][vc_empty_space alter_height=&#8221;huge&#8221; hide_on_mobile=&#8221;&#8221; css=&#8221;.vc_custom_1499091865828{margin-top: 0.3rem !important;}&#8221;]<div class=\"promo-wrap\"><div  id=\"sc_promo_2022408629\"\tclass=\"sc_promo color_style_default sc_promo_default sc_promo_size_normal sc_promo_image_position_left\"><div class=\"sc_promo_image\" style=\"background-image:url(https:\/\/vrlab.studio\/wp-content\/uploads\/2017\/05\/welcome_img.jpg);width:49%;left: 0;\"><\/div><div class=\"sc_promo_text\" style=\"width: 51%;float: right;\">\n\t\t\t<div class=\"sc_promo_text_inner sc_content_width_51%\" style=\"\"><h6 class=\"sc_item_subtitle sc_promo_subtitle sc_align_left sc_item_title_style_default\">PROJE HAKKINDA<\/h6><h3 class=\"sc_item_title sc_promo_title sc_align_left sc_item_title_style_default\">Hayal g\u00fcc\u00fcn\u00fcz\u00fc serbest b\u0131rak\u0131n ve ke\u015ffe \u00e7\u0131k\u0131n!<\/h3><div class=\"sc_item_descr sc_promo_descr sc_align_left\"><p>Kendinizi yaln\u0131zca e\u011flencenin de\u011fil, \u00f6\u011frenmenin de bir par\u00e7as\u0131 haline getiren b\u00fcy\u00fcleyici bir deneyimin i\u00e7inde bulacaks\u0131n\u0131z. Oyunla\u015ft\u0131r\u0131lm\u0131\u015f e\u011fitim i\u00e7erikleriyle hem yeni d\u00fcnyalar\u0131 ke\u015ffedin hem de etkile\u015fimli \u00f6\u011frenmenin s\u0131n\u0131rlar\u0131n\u0131 zorlay\u0131n. E\u011fitim ve e\u011flenceyi bir araya getiren bu e\u015fsiz yakla\u015f\u0131m\u0131 ke\u015ffetmeye haz\u0131r olun.<\/p>\n<\/div><div class=\"sc_promo_content sc_item_content\">[vc_empty_space alter_height=&#8221;huge&#8221; hide_on_mobile=&#8221;&#8221; css=&#8221;.vc_custom_1499081130058{margin-bottom: -0.7rem !important;}&#8221;]<\/div><\/div>\n\t\t<\/div><!-- \/.sc_promo_text --><\/div><div class=\"promo-shadow\"><\/div><\/div><!-- \/.sc_promo -->[vc_empty_space alter_height=&#8221;huge&#8221; hide_on_mobile=&#8221;&#8221;][\/vc_column][\/vc_row][vc_row full_width=&#8221;stretch_row&#8221; grey_bg=&#8221;&#8221; css=&#8221;.vc_custom_1572515340084{background: #f3f3f3 url(https:\/\/vrlab.studio\/wp-content\/uploads\/2017\/05\/img443.jpg?id=531) !important;background-position: center !important;background-repeat: no-repeat !important;background-size: cover !important;}&#8221; el_class=&#8221;sc_layouts_571&#8243;][vc_column width=&#8221;5\/12&#8243;]<div id=\"sc_services_468023229\" class=\"sc_services color_style_default sc_services_light sc_services_featured_left\"><h6 class=\"sc_item_subtitle sc_services_subtitle sc_align_left sc_item_title_style_default\">\u00d6ZELL\u0130KLER HAKKINDA: APPLE VISION PRO<\/h6><h3 class=\"sc_item_title sc_services_title sc_align_left sc_item_title_style_default\">Gelece\u011fi G\u00f6r\u00fcn<\/h3><div class=\"sc_services_content sc_item_content sc_item_columns_1\"><div class=\"sc_services_item with_content with_image sc_services_item_featured_left\">\n\t<div class=\"post_featured with_thumb hover_dots sc_services_item_thumb\"><img decoding=\"async\" width=\"140\" height=\"120\" src=\"https:\/\/vrlab.studio\/wp-content\/uploads\/2017\/05\/icon1.png\" class=\"attachment-weedles-thumb-big size-weedles-thumb-big wp-post-image\" alt=\"5,7 inch the OLED-screen\" \/><div class=\"mask\"><\/div><a href=\"https:\/\/vrlab.studio\/?cpt_services=57-inch-the-oled-screen\" aria-hidden=\"true\" class=\"icons\"><span><\/span><span><\/span><span><\/span><\/a><\/div>\t\n\t<div class=\"sc_services_item_info\">\n\t\t<div class=\"sc_services_item_header\">\n\t\t\t\t\t\t<h6 class=\"sc_services_item_title\"><a href=\"https:\/\/vrlab.studio\/?cpt_services=57-inch-the-oled-screen\">5,7 inch the OLED-screen<\/a><\/h6>\n\t\t\t<div class=\"sc_services_item_subtitle\"><a href=\"https:\/\/vrlab.studio\/?cpt_services_group=future\" title=\"View all posts in Future\">Future<\/a><\/div>\t\t<\/div>\n\t\t\t\t\t<div class=\"sc_services_item_content\"><p>three-dimensional hyper-realistic environment comes to life before your eyes thanks to our new technology screen.<\/p>\n<\/div>\n\t\t\t<div class=\"sc_services_item_button sc_item_button\"><a href=\"https:\/\/vrlab.studio\/?cpt_services=57-inch-the-oled-screen\" class=\"sc_button sc_button_simple\">Learn more<\/a><\/div>\n\t\t\t<\/div>\n<\/div>\n<div class=\"sc_services_item with_content with_image sc_services_item_featured_left\">\n\t<div class=\"post_featured with_thumb hover_dots sc_services_item_thumb\"><img decoding=\"async\" width=\"170\" height=\"160\" src=\"https:\/\/vrlab.studio\/wp-content\/uploads\/2017\/05\/icon5.png\" class=\"attachment-weedles-thumb-big size-weedles-thumb-big wp-post-image\" alt=\"200 frames per secon\" \/><div class=\"mask\"><\/div><a href=\"https:\/\/vrlab.studio\/?cpt_services=200-frames-per-secon\" aria-hidden=\"true\" class=\"icons\"><span><\/span><span><\/span><span><\/span><\/a><\/div>\t\n\t<div class=\"sc_services_item_info\">\n\t\t<div class=\"sc_services_item_header\">\n\t\t\t\t\t\t<h6 class=\"sc_services_item_title\"><a href=\"https:\/\/vrlab.studio\/?cpt_services=200-frames-per-secon\">200 frames per secon<\/a><\/h6>\n\t\t\t<div class=\"sc_services_item_subtitle\"><a href=\"https:\/\/vrlab.studio\/?cpt_services_group=future\" title=\"View all posts in Future\">Future<\/a><\/div>\t\t<\/div>\n\t\t\t\t\t<div class=\"sc_services_item_content\"><p>Offering 360\u00b0 vision and sounds, with the ability to interact with what you can see, your movement effects what you can see.<\/p>\n<\/div>\n\t\t\t<div class=\"sc_services_item_button sc_item_button\"><a href=\"https:\/\/vrlab.studio\/?cpt_services=200-frames-per-secon\" class=\"sc_button sc_button_simple\">Learn more<\/a><\/div>\n\t\t\t<\/div>\n<\/div>\n<\/div><div class=\"sc_item_button sc_item_button_default sc_services_button sc_align_left sc_button_wrap sc_align_left\"><a href=\"\/about-style-2\/\" id=\"sc_button_346582145\" class=\"sc_button color_style_default sc_button_default sc_button_size_normal sc_button_icon_left\"><span class=\"sc_button_text\"><span class=\"sc_button_title\">Ke\u015ffet<\/span><\/span><!-- \/.sc_button_text --><\/a><!-- \/.sc_button --><\/div><!-- \/.sc_item_button sc_item_button_default sc_services_button sc_align_left --><\/div><!-- \/.sc_services -->[vc_empty_space alter_height=&#8221;huge&#8221; hide_on_mobile=&#8221;&#8221;][\/vc_column][vc_column width=&#8221;1\/2&#8243;][\/vc_column][\/vc_row][vc_row][vc_column][vc_empty_space alter_height=&#8221;huge&#8221; hide_on_mobile=&#8221;&#8221; css=&#8221;.vc_custom_1499083547327{margin-top: 0.5rem !important;}&#8221;][vc_empty_space alter_height=&#8221;huge&#8221; hide_on_mobile=&#8221;&#8221;][\/vc_column][\/vc_row][vc_row][vc_column][vc_column_text][\/vc_column_text][\/vc_column][\/vc_row][vc_row][vc_column]<div id=\"sc_services_750964684\" class=\"sc_services color_style_default sc_services_light sc_services_featured_top\"><h6 class=\"sc_item_subtitle sc_services_subtitle sc_align_center sc_item_title_style_default\">Neler Sunuyoruz?<\/h6><h3 class=\"sc_item_title sc_services_title sc_align_center sc_item_title_style_default\">Sanal Ger\u00e7ekli\u011fe Ad\u0131m At\u0131n<\/h3><div class=\"sc_services_columns sc_item_columns sc_item_columns_5 trx_addons_columns_wrap columns_padding_bottom\"><div class=\"trx_addons_column-1_5\"><div class=\"sc_services_item without_content with_image sc_services_item_featured_top\">\n\t<div class=\"post_featured with_thumb hover_dots sc_services_item_thumb\"><img decoding=\"async\" width=\"170\" height=\"160\" src=\"https:\/\/vrlab.studio\/wp-content\/uploads\/2017\/05\/icon3.png\" class=\"attachment-weedles-thumb-med size-weedles-thumb-med wp-post-image\" alt=\"360 viewing angle\" \/><div class=\"mask\"><\/div><a href=\"https:\/\/vrlab.studio\/?cpt_services=360-viewing-angle\" aria-hidden=\"true\" class=\"icons\"><span><\/span><span><\/span><span><\/span><\/a><\/div>\t\n\t<div class=\"sc_services_item_info\">\n\t\t<div class=\"sc_services_item_header\">\n\t\t\t\t\t\t<h6 class=\"sc_services_item_title\"><a href=\"https:\/\/vrlab.studio\/?cpt_services=360-viewing-angle\">360 viewing angle<\/a><\/h6>\n\t\t\t<div class=\"sc_services_item_subtitle\"><a href=\"https:\/\/vrlab.studio\/?cpt_services_group=advantages\" title=\"View all posts in Advantages\">Advantages<\/a><a href=\"https:\/\/vrlab.studio\/?cpt_services_group=what-we-offer\" title=\"View all posts in What we offer\">, What we offer<\/a><\/div>\t\t<\/div>\n\t\t\t<\/div>\n<\/div>\n<\/div><div class=\"trx_addons_column-1_5\"><div class=\"sc_services_item without_content with_image sc_services_item_featured_top\">\n\t<div class=\"post_featured with_thumb hover_dots sc_services_item_thumb\"><img loading=\"lazy\" decoding=\"async\" width=\"170\" height=\"160\" src=\"https:\/\/vrlab.studio\/wp-content\/uploads\/2017\/05\/icon4.png\" class=\"attachment-weedles-thumb-med size-weedles-thumb-med wp-post-image\" alt=\"Effect of presence\" \/><div class=\"mask\"><\/div><a href=\"https:\/\/vrlab.studio\/?cpt_services=effect-of-presence\" aria-hidden=\"true\" class=\"icons\"><span><\/span><span><\/span><span><\/span><\/a><\/div>\t\n\t<div class=\"sc_services_item_info\">\n\t\t<div class=\"sc_services_item_header\">\n\t\t\t\t\t\t<h6 class=\"sc_services_item_title\"><a href=\"https:\/\/vrlab.studio\/?cpt_services=effect-of-presence\">Effect of presence<\/a><\/h6>\n\t\t\t<div class=\"sc_services_item_subtitle\"><a href=\"https:\/\/vrlab.studio\/?cpt_services_group=advantages\" title=\"View all posts in Advantages\">Advantages<\/a><a href=\"https:\/\/vrlab.studio\/?cpt_services_group=what-we-offer\" title=\"View all posts in What we offer\">, What we offer<\/a><\/div>\t\t<\/div>\n\t\t\t<\/div>\n<\/div>\n<\/div><div class=\"trx_addons_column-1_5\"><div class=\"sc_services_item without_content with_image sc_services_item_featured_top\">\n\t<div class=\"post_featured with_thumb hover_dots sc_services_item_thumb\"><img loading=\"lazy\" decoding=\"async\" width=\"170\" height=\"160\" src=\"https:\/\/vrlab.studio\/wp-content\/uploads\/2017\/05\/icon5.png\" class=\"attachment-weedles-thumb-med size-weedles-thumb-med wp-post-image\" alt=\"Extra comfort for head\" \/><div class=\"mask\"><\/div><a href=\"https:\/\/vrlab.studio\/?cpt_services=extra-comfort-for-head\" aria-hidden=\"true\" class=\"icons\"><span><\/span><span><\/span><span><\/span><\/a><\/div>\t\n\t<div class=\"sc_services_item_info\">\n\t\t<div class=\"sc_services_item_header\">\n\t\t\t\t\t\t<h6 class=\"sc_services_item_title\"><a href=\"https:\/\/vrlab.studio\/?cpt_services=extra-comfort-for-head\">Extra comfort for head<\/a><\/h6>\n\t\t\t<div class=\"sc_services_item_subtitle\"><a href=\"https:\/\/vrlab.studio\/?cpt_services_group=advantages\" title=\"View all posts in Advantages\">Advantages<\/a><a href=\"https:\/\/vrlab.studio\/?cpt_services_group=what-we-offer\" title=\"View all posts in What we offer\">, What we offer<\/a><\/div>\t\t<\/div>\n\t\t\t<\/div>\n<\/div>\n<\/div><div class=\"trx_addons_column-1_5\"><div class=\"sc_services_item without_content with_image sc_services_item_featured_top\">\n\t<div class=\"post_featured with_thumb hover_dots sc_services_item_thumb\"><img loading=\"lazy\" decoding=\"async\" width=\"170\" height=\"160\" src=\"https:\/\/vrlab.studio\/wp-content\/uploads\/2017\/05\/icon6.png\" class=\"attachment-weedles-thumb-med size-weedles-thumb-med wp-post-image\" alt=\"Easy operation system\" \/><div class=\"mask\"><\/div><a href=\"https:\/\/vrlab.studio\/?cpt_services=easy-operation-system\" aria-hidden=\"true\" class=\"icons\"><span><\/span><span><\/span><span><\/span><\/a><\/div>\t\n\t<div class=\"sc_services_item_info\">\n\t\t<div class=\"sc_services_item_header\">\n\t\t\t\t\t\t<h6 class=\"sc_services_item_title\"><a href=\"https:\/\/vrlab.studio\/?cpt_services=easy-operation-system\">Easy operation system<\/a><\/h6>\n\t\t\t<div class=\"sc_services_item_subtitle\"><a href=\"https:\/\/vrlab.studio\/?cpt_services_group=our-advantages\" title=\"View all posts in Our advantages\">Our advantages<\/a><a href=\"https:\/\/vrlab.studio\/?cpt_services_group=what-we-offer\" title=\"View all posts in What we offer\">, What we offer<\/a><\/div>\t\t<\/div>\n\t\t\t<\/div>\n<\/div>\n<\/div><div class=\"trx_addons_column-1_5\"><div class=\"sc_services_item without_content with_image sc_services_item_featured_top\">\n\t<div class=\"post_featured with_thumb hover_dots sc_services_item_thumb\"><img loading=\"lazy\" decoding=\"async\" width=\"170\" height=\"160\" src=\"https:\/\/vrlab.studio\/wp-content\/uploads\/2017\/05\/icon7.png\" class=\"attachment-weedles-thumb-med size-weedles-thumb-med wp-post-image\" alt=\"High resolution &#038; density\" \/><div class=\"mask\"><\/div><a href=\"https:\/\/vrlab.studio\/?cpt_services=high-resolution-density\" aria-hidden=\"true\" class=\"icons\"><span><\/span><span><\/span><span><\/span><\/a><\/div>\t\n\t<div class=\"sc_services_item_info\">\n\t\t<div class=\"sc_services_item_header\">\n\t\t\t\t\t\t<h6 class=\"sc_services_item_title\"><a href=\"https:\/\/vrlab.studio\/?cpt_services=high-resolution-density\">High resolution &#038; density<\/a><\/h6>\n\t\t\t<div class=\"sc_services_item_subtitle\"><a href=\"https:\/\/vrlab.studio\/?cpt_services_group=our-advantages\" title=\"View all posts in Our advantages\">Our advantages<\/a><a href=\"https:\/\/vrlab.studio\/?cpt_services_group=what-we-offer\" title=\"View all posts in What we offer\">, What we offer<\/a><\/div>\t\t<\/div>\n\t\t\t<\/div>\n<\/div>\n<\/div><\/div><\/div><!-- \/.sc_services -->[vc_empty_space alter_height=&#8221;medium&#8221; hide_on_mobile=&#8221;&#8221; css=&#8221;.vc_custom_1499090695879{margin-bottom: 0.8rem !important;}&#8221;][\/vc_column][\/vc_row][vc_row full_width=&#8221;stretch_row&#8221; grey_bg=&#8221;1&#8243;][vc_column][vc_empty_space alter_height=&#8221;huge&#8221; hide_on_mobile=&#8221;&#8221; css=&#8221;.vc_custom_1499086479259{margin-top: 1.8rem !important;}&#8221;]<div class=\"promo-wrap sc_promo_video\"><div  id=\"sc_promo_1229257081\"\tclass=\"sc_promo color_style_default sc_promo_default sc_promo_size_normal sc_promo_image_position_left\"><div class=\"sc_promo_image\" style=\"background-image:url(https:\/\/vrlab.studio\/wp-content\/uploads\/2017\/05\/how_to_img.jpg);width:49%;left: 0;\"><div id=\"sc_video_882828774\" class=\"trx_addons_video_player with_cover hover_play\"><div class=\"video_mask\"><\/div><div class=\"video_hover\" data-video=\"&lt;iframe src=&quot;https:\/\/player.vimeo.com\/video\/166946121?autoplay=1&quot; width=&quot;1200&quot; height=&quot;675&quot;&gt;&lt;\/iframe&gt;\"><\/div><div class=\"video_embed video_frame\"><\/div><\/div><\/div><div class=\"sc_promo_text\" style=\"width: 51%;float: right;\">\n\t\t\t<div class=\"sc_promo_text_inner sc_content_width_51%\" style=\"\"><h6 class=\"sc_item_subtitle sc_promo_subtitle sc_align_left sc_item_title_style_default\">NASIL KULLANILIR?<\/h6><h3 class=\"sc_item_title sc_promo_title sc_align_left sc_item_title_style_default\">VR G\u00f6zl\u00fckleri Kullanmak \u00c7ok Kolay<\/h3><div class=\"sc_item_descr sc_promo_descr sc_align_left\"><p>Son teknoloji VR ba\u015fl\u0131klar\u0131, 360\u00b0 g\u00f6r\u00fc\u015f a\u00e7\u0131s\u0131yla sizi ger\u00e7ek d\u00fcnyan\u0131n bir par\u00e7as\u0131ym\u0131\u015f gibi hissettiren s\u00fcr\u00fckleyici bir deneyim sunar. Y\u00fcksek \u00e7\u00f6z\u00fcn\u00fcrl\u00fck ve piksel yo\u011funlu\u011fu sayesinde, ger\u00e7e\u011fe en yak\u0131n g\u00f6r\u00fcnt\u00fcleri ke\u015ffetmek m\u00fcmk\u00fcn.<br \/>\nBu cihazlar, hem el hareketleriyle hem de kumanda ile etkile\u015fim sa\u011flayarak deneyiminizi \u00fcst seviyeye ta\u015f\u0131r. Her hareketiniz, sanal ortamlarla daha g\u00fc\u00e7l\u00fc bir ba\u011f kurman\u0131z\u0131 sa\u011flar.<\/p>\n<\/div><div class=\"sc_promo_content sc_item_content\"><a href=\"\/about-style-1\/\" id=\"sc_button_1163214092\" class=\"sc_button color_style_default sc_button_simple sc_button_size_normal sc_button_icon_left\"><span class=\"sc_button_text\"><span class=\"sc_button_title\">Daha Fazla<\/span><\/span><!-- \/.sc_button_text --><\/a><!-- \/.sc_button -->[vc_empty_space alter_height=&#8221;huge&#8221; hide_on_mobile=&#8221;&#8221; css=&#8221;.vc_custom_1499081130058{margin-bottom: -0.7rem !important;}&#8221;]<\/div><\/div>\n\t\t<\/div><!-- \/.sc_promo_text --><\/div><div class=\"promo-shadow\"><\/div><\/div><!-- \/.sc_promo -->[vc_empty_space alter_height=&#8221;huge&#8221; hide_on_mobile=&#8221;&#8221;][\/vc_column][\/vc_row][vc_row full_width=&#8221;stretch_row&#8221; css=&#8221;.vc_custom_1494408839177{background-color: #f3f3f3 !important;}&#8221;][vc_column]<div id=\"sc_services_645902864\" class=\"sc_services color_style_default sc_services_default sc_services_featured_top\"><h6 class=\"sc_item_subtitle sc_services_subtitle sc_align_center sc_item_title_style_default\">AVANTAJLARIMIZ<\/h6><h3 class=\"sc_item_title sc_services_title sc_align_center sc_item_title_style_default\">Neden Bizi Tercih Ediyorlar?<\/h3><div class=\"sc_item_descr sc_services_descr sc_align_center\"><p><\/p>\n<\/div><div class=\"sc_services_columns sc_item_columns sc_item_columns_3 trx_addons_columns_wrap columns_padding_bottom\"><div class=\"trx_addons_column-1_3\"><div class=\"sc_services_item with_content with_image sc_services_item_featured_top\">\n\t<div class=\"post_featured with_thumb hover_dots sc_services_item_thumb\"><img loading=\"lazy\" decoding=\"async\" width=\"740\" height=\"474\" src=\"https:\/\/vrlab.studio\/wp-content\/uploads\/2017\/05\/why_us_img1-740x474.jpg\" class=\"attachment-weedles-thumb-med size-weedles-thumb-med wp-post-image\" alt=\"Extra comfort for head\" \/><div class=\"mask\"><\/div><a href=\"https:\/\/vrlab.studio\/?cpt_services=extra-comfort-for-head-2\" aria-hidden=\"true\" class=\"icons\"><span><\/span><span><\/span><span><\/span><\/a><\/div>\t\n\t<div class=\"sc_services_item_info\">\n\t\t<div class=\"sc_services_item_header\">\n\t\t\t<h4 class=\"sc_services_item_title\"><a href=\"https:\/\/vrlab.studio\/?cpt_services=extra-comfort-for-head-2\">Extra comfort for head<\/a><\/h4>\n\t\t\t<div class=\"sc_services_item_subtitle\"><a href=\"https:\/\/vrlab.studio\/?cpt_services_group=why-choose-us\" title=\"View all posts in Why choose us\">Why choose us<\/a><\/div>\n\t\t<\/div>\n\t\t\t\t\t<div class=\"sc_services_item_content\"><p>The headset has been designed to be as light and as comfortable as possible. It&#8217;s effortless to slip on and off, while its minimal weight is supported by an adjustable headband that&#8217;ll fit everyone.<\/p>\n<\/div>\n\t\t\t<div class=\"sc_services_item_button sc_item_button\"><a href=\"https:\/\/vrlab.studio\/?cpt_services=extra-comfort-for-head-2\" class=\"sc_button sc_button_simple\">Learn more<\/a><\/div>\n\t\t\t<\/div>\n<\/div>\n<\/div><div class=\"trx_addons_column-1_3\"><div class=\"sc_services_item with_content with_image sc_services_item_featured_top\">\n\t<div class=\"post_featured with_thumb hover_dots sc_services_item_thumb\"><img loading=\"lazy\" decoding=\"async\" width=\"740\" height=\"474\" src=\"https:\/\/vrlab.studio\/wp-content\/uploads\/2017\/05\/why_us_img2-740x474.jpg\" class=\"attachment-weedles-thumb-med size-weedles-thumb-med wp-post-image\" alt=\"Longer use\" \/><div class=\"mask\"><\/div><a href=\"https:\/\/vrlab.studio\/?cpt_services=longer-use\" aria-hidden=\"true\" class=\"icons\"><span><\/span><span><\/span><span><\/span><\/a><\/div>\t\n\t<div class=\"sc_services_item_info\">\n\t\t<div class=\"sc_services_item_header\">\n\t\t\t<h4 class=\"sc_services_item_title\"><a href=\"https:\/\/vrlab.studio\/?cpt_services=longer-use\">Longer use<\/a><\/h4>\n\t\t\t<div class=\"sc_services_item_subtitle\"><a href=\"https:\/\/vrlab.studio\/?cpt_services_group=why-choose-us\" title=\"View all posts in Why choose us\">Why choose us<\/a><\/div>\n\t\t<\/div>\n\t\t\t\t\t<div class=\"sc_services_item_content\"><p>We provide full comfort for the head even after prolonged use. Thanks to its ergonomic design headset weight of the fixing belt is evenly distributed over the entire head for maximum comfort.<\/p>\n<\/div>\n\t\t\t<div class=\"sc_services_item_button sc_item_button\"><a href=\"https:\/\/vrlab.studio\/?cpt_services=longer-use\" class=\"sc_button sc_button_simple\">Learn more<\/a><\/div>\n\t\t\t<\/div>\n<\/div>\n<\/div><div class=\"trx_addons_column-1_3\"><div class=\"sc_services_item with_content with_image sc_services_item_featured_top\">\n\t<div class=\"post_featured with_thumb hover_dots sc_services_item_thumb\"><img loading=\"lazy\" decoding=\"async\" width=\"740\" height=\"474\" src=\"https:\/\/vrlab.studio\/wp-content\/uploads\/2017\/05\/why_us_img3-740x474.jpg\" class=\"attachment-weedles-thumb-med size-weedles-thumb-med wp-post-image\" alt=\"Easy operation panel\" \/><div class=\"mask\"><\/div><a href=\"https:\/\/vrlab.studio\/?cpt_services=easy-operation-panel\" aria-hidden=\"true\" class=\"icons\"><span><\/span><span><\/span><span><\/span><\/a><\/div>\t\n\t<div class=\"sc_services_item_info\">\n\t\t<div class=\"sc_services_item_header\">\n\t\t\t<h4 class=\"sc_services_item_title\"><a href=\"https:\/\/vrlab.studio\/?cpt_services=easy-operation-panel\">Easy operation panel<\/a><\/h4>\n\t\t\t<div class=\"sc_services_item_subtitle\"><a href=\"https:\/\/vrlab.studio\/?cpt_services_group=why-choose-us\" title=\"View all posts in Why choose us\">Why choose us<\/a><\/div>\n\t\t<\/div>\n\t\t\t\t\t<div class=\"sc_services_item_content\"><p>Amazing ease of operation when using the headset provided by the relief of the central area of \u200b\u200bthe touch panel. You do not have to bother looking for the center of the touch panel.<\/p>\n<\/div>\n\t\t\t<div class=\"sc_services_item_button sc_item_button\"><a href=\"https:\/\/vrlab.studio\/?cpt_services=easy-operation-panel\" class=\"sc_button sc_button_simple\">Learn more<\/a><\/div>\n\t\t\t<\/div>\n<\/div>\n<\/div><\/div><div class=\"sc_item_button sc_item_button_default sc_services_button sc_align_center sc_button_wrap sc_align_center\"><a href=\"\/about-style-2\/\" id=\"sc_button_171295543\" class=\"sc_button color_style_default sc_button_default sc_button_size_normal sc_button_icon_left\"><span class=\"sc_button_text\"><span class=\"sc_button_title\">More Info<\/span><\/span><!-- \/.sc_button_text --><\/a><!-- \/.sc_button --><\/div><!-- \/.sc_item_button sc_item_button_default sc_services_button sc_align_center --><\/div><!-- \/.sc_services -->[vc_empty_space alter_height=&#8221;huge&#8221; hide_on_mobile=&#8221;&#8221;][\/vc_column][\/vc_row]<\/p>\n<\/div>","protected":false},"excerpt":{"rendered":"<p>[vc_row full_width=&#8221;stretch_row&#8221; grey_bg=&#8221;&#8221;][vc_column][rev_slider_vc alias=&#8221;slider-1&#8243;][\/vc_column][\/vc_row][vc_row full_width=&#8221;stretch_row&#8221; grey_bg=&#8221;1&#8243;][vc_column][vc_empty_space alter_height=&#8221;huge&#8221; hide_on_mobile=&#8221;&#8221; css=&#8221;.vc_custom_1499091865828{margin-top: 0.3rem !important;}&#8221;][vc_empty_space alter_height=&#8221;huge&#8221; hide_on_mobile=&#8221;&#8221;][\/vc_column][\/vc_row][vc_row full_width=&#8221;stretch_row&#8221; grey_bg=&#8221;&#8221; css=&#8221;.vc_custom_1572515340084{background: #f3f3f3 url(https:\/\/vrlab.studio\/wp-content\/uploads\/2017\/05\/img443.jpg?id=531) !important;background-position: center !important;background-repeat: no-repeat !important;background-size: cover !important;}&#8221; el_class=&#8221;sc_layouts_571&#8243;][vc_column width=&#8221;5\/12&#8243;][vc_empty_space alter_height=&#8221;huge&#8221; hide_on_mobile=&#8221;&#8221;][\/vc_column][vc_column width=&#8221;1\/2&#8243;][\/vc_column][\/vc_row][vc_row][vc_column][vc_empty_space alter_height=&#8221;huge&#8221; hide_on_mobile=&#8221;&#8221; css=&#8221;.vc_custom_1499083547327{margin-top: 0.5rem !important;}&#8221;][vc_empty_space alter_height=&#8221;huge&#8221; hide_on_mobile=&#8221;&#8221;][\/vc_column][\/vc_row][vc_row][vc_column][vc_column_text][\/vc_column_text][\/vc_column][\/vc_row][vc_row][vc_column][vc_empty_space alter_height=&#8221;medium&#8221; hide_on_mobile=&#8221;&#8221; css=&#8221;.vc_custom_1499090695879{margin-bottom: 0.8rem !important;}&#8221;][\/vc_column][\/vc_row][vc_row full_width=&#8221;stretch_row&#8221; grey_bg=&#8221;1&#8243;][vc_column][vc_empty_space alter_height=&#8221;huge&#8221; hide_on_mobile=&#8221;&#8221; css=&#8221;.vc_custom_1499086479259{margin-top: 1.8rem !important;}&#8221;][vc_empty_space alter_height=&#8221;huge&#8221; hide_on_mobile=&#8221;&#8221;][\/vc_column][\/vc_row][vc_row full_width=&#8221;stretch_row&#8221; css=&#8221;.vc_custom_1494408839177{background-color: #f3f3f3 !important;}&#8221;][vc_column][vc_empty_space alter_height=&#8221;huge&#8221; hide_on_mobile=&#8221;&#8221;][\/vc_column][\/vc_row]<\/p>\n","protected":false},"author":1,"featured_media":0,"parent":0,"menu_order":0,"comment_status":"closed","ping_status":"closed","template":"","meta":{"footnotes":""},"class_list":["post-84","page","type-page","status-publish","hentry"],"_links":{"self":[{"href":"https:\/\/vrlab.studio\/index.php?rest_route=\/wp\/v2\/pages\/84","targetHints":{"allow":["GET"]}}],"collection":[{"href":"https:\/\/vrlab.studio\/index.php?rest_route=\/wp\/v2\/pages"}],"about":[{"href":"https:\/\/vrlab.studio\/index.php?rest_route=\/wp\/v2\/types\/page"}],"author":[{"embeddable":true,"href":"https:\/\/vrlab.studio\/index.php?rest_route=\/wp\/v2\/users\/1"}],"replies":[{"embeddable":true,"href":"https:\/\/vrlab.studio\/index.php?rest_route=%2Fwp%2Fv2%2Fcomments&post=84"}],"version-history":[{"count":6,"href":"https:\/\/vrlab.studio\/index.php?rest_route=\/wp\/v2\/pages\/84\/revisions"}],"predecessor-version":[{"id":1021,"href":"https:\/\/vrlab.studio\/index.php?rest_route=\/wp\/v2\/pages\/84\/revisions\/1021"}],"wp:attachment":[{"href":"https:\/\/vrlab.studio\/index.php?rest_route=%2Fwp%2Fv2%2Fmedia&parent=84"}],"curies":[{"name":"wp","href":"https:\/\/api.w.org\/{rel}","templated":true}]}}